{"id":555,"date":"2025-04-07T13:09:00","date_gmt":"2025-04-07T11:09:00","guid":{"rendered":"https:\/\/www.dobry-uctovnik.sk\/?page_id=555"},"modified":"2025-11-05T10:02:30","modified_gmt":"2025-11-05T09:02:30","slug":"ochrana-osobnych-udajov","status":"publish","type":"page","link":"https:\/\/www.dobry-uctovnik.sk\/en\/ochrana-osobnych-udajov\/","title":{"rendered":"Personal data protection"},"content":{"rendered":"<style>.elementor-555 .elementor-element.elementor-element-3166798b{--display:flex;--flex-direction:column;--container-widget-width:100%;--container-widget-height:initial;--container-widget-flex-grow:0;--container-widget-align-self:initial;--flex-wrap-mobile:wrap;--margin-top:0px;--margin-bottom:0px;--margin-left:0px;--margin-right:0px;--padding-top:150px;--padding-bottom:0px;--padding-left:0px;--padding-right:0px;}.elementor-555 .elementor-element.elementor-element-3166798b:not(.elementor-motion-effects-element-type-background), .elementor-555 .elementor-element.elementor-element-3166798b > .elementor-motion-effects-container > .elementor-motion-effects-layer{background-color:transparent;background-image:linear-gradient(180deg, var( --e-global-color-05398d8 ) 70%, var( --e-global-color-45a78a1 ) 70%);}.elementor-555 .elementor-element.elementor-element-3880304b{--display:flex;--flex-direction:row;--container-widget-width:initial;--container-widget-height:100%;--container-widget-flex-grow:1;--container-widget-align-self:stretch;--flex-wrap-mobile:wrap;--justify-content:space-between;--flex-wrap:wrap;}.elementor-555 .elementor-element.elementor-element-23d12b6b{--display:flex;--padding-top:0px;--padding-bottom:0px;--padding-left:0px;--padding-right:0px;}.elementor-555 .elementor-element.elementor-element-23d12b6b.e-con{--flex-grow:0;--flex-shrink:0;}.elementor-555 .elementor-element.elementor-element-32fcd119{text-align:start;}.elementor-555 .elementor-element.elementor-element-32fcd119 .elementor-heading-title{font-family:var( --e-global-typography-522adc1-font-family ), Sans-serif;font-size:var( --e-global-typography-522adc1-font-size );font-weight:var( --e-global-typography-522adc1-font-weight );line-height:var( --e-global-typography-522adc1-line-height );letter-spacing:var( --e-global-typography-522adc1-letter-spacing );word-spacing:var( --e-global-typography-522adc1-word-spacing );color:var( --e-global-color-primary );}.elementor-555 .elementor-element.elementor-element-32fcd119 > .elementor-widget-container{margin:-10px 0px -10px 0px;}.elementor-555 .elementor-element.elementor-element-19efe8e .elementor-icon-list-items:not(.elementor-inline-items) .elementor-icon-list-item:not(:last-child){padding-block-end:calc(14px\/2);}.elementor-555 .elementor-element.elementor-element-19efe8e .elementor-icon-list-items:not(.elementor-inline-items) .elementor-icon-list-item:not(:first-child){margin-block-start:calc(14px\/2);}.elementor-555 .elementor-element.elementor-element-19efe8e .elementor-icon-list-items.elementor-inline-items .elementor-icon-list-item{margin-inline:calc(14px\/2);}.elementor-555 .elementor-element.elementor-element-19efe8e .elementor-icon-list-items.elementor-inline-items{margin-inline:calc(-14px\/2);}.elementor-555 .elementor-element.elementor-element-19efe8e .elementor-icon-list-items.elementor-inline-items .elementor-icon-list-item:after{inset-inline-end:calc(-14px\/2);}.elementor-555 .elementor-element.elementor-element-19efe8e .elementor-icon-list-icon i{color:var( --e-global-color-text );transition:color 0.3s;}.elementor-555 .elementor-element.elementor-element-19efe8e .elementor-icon-list-icon svg{fill:var( --e-global-color-text );transition:fill 0.3s;}.elementor-555 .elementor-element.elementor-element-19efe8e{--e-icon-list-icon-size:14px;--e-icon-list-icon-align:left;--e-icon-list-icon-margin:0 calc(var(--e-icon-list-icon-size, 1em) * 0.25) 0 0;--icon-vertical-offset:1px;}.elementor-555 .elementor-element.elementor-element-19efe8e .elementor-icon-list-icon{padding-inline-end:2px;}.elementor-555 .elementor-element.elementor-element-19efe8e .elementor-icon-list-item > .elementor-icon-list-text, .elementor-555 .elementor-element.elementor-element-19efe8e .elementor-icon-list-item > a{font-family:var( --e-global-typography-4f25412-font-family ), Sans-serif;font-size:var( --e-global-typography-4f25412-font-size );font-weight:var( --e-global-typography-4f25412-font-weight );line-height:var( --e-global-typography-4f25412-line-height );letter-spacing:var( --e-global-typography-4f25412-letter-spacing );word-spacing:var( --e-global-typography-4f25412-word-spacing );}.elementor-555 .elementor-element.elementor-element-19efe8e .elementor-icon-list-text{color:var( --e-global-color-text );transition:color 0.3s;}.elementor-555 .elementor-element.elementor-element-19efe8e > .elementor-widget-container{margin:0px 0px 0px 0px;border-radius:0px 0px 0px 0px;}.elementor-555 .elementor-element.elementor-element-86dfa85{--display:flex;--margin-top:0px;--margin-bottom:115px;--margin-left:0px;--margin-right:0px;}:root{--page-title-display:none;}@media(min-width:768px){.elementor-555 .elementor-element.elementor-element-23d12b6b{--width:55.197%;}}@media(max-width:1024px){.elementor-555 .elementor-element.elementor-element-3166798b{--margin-top:0px;--margin-bottom:0px;--margin-left:0px;--margin-right:0px;--padding-top:80px;--padding-bottom:0px;--padding-left:10px;--padding-right:10px;}.elementor-555 .elementor-element.elementor-element-32fcd119{text-align:start;}.elementor-555 .elementor-element.elementor-element-32fcd119 .elementor-heading-title{font-size:var( --e-global-typography-522adc1-font-size );line-height:var( --e-global-typography-522adc1-line-height );letter-spacing:var( --e-global-typography-522adc1-letter-spacing );word-spacing:var( --e-global-typography-522adc1-word-spacing );}.elementor-555 .elementor-element.elementor-element-19efe8e{--icon-vertical-offset:0px;}.elementor-555 .elementor-element.elementor-element-19efe8e .elementor-icon-list-item > .elementor-icon-list-text, .elementor-555 .elementor-element.elementor-element-19efe8e .elementor-icon-list-item > a{font-size:var( --e-global-typography-4f25412-font-size );line-height:var( --e-global-typography-4f25412-line-height );letter-spacing:var( --e-global-typography-4f25412-letter-spacing );word-spacing:var( --e-global-typography-4f25412-word-spacing );}}@media(max-width:767px){.elementor-555 .elementor-element.elementor-element-3166798b{--margin-top:0px;--margin-bottom:0px;--margin-left:0px;--margin-right:0px;--padding-top:60px;--padding-bottom:0px;--padding-left:10px;--padding-right:10px;}.elementor-555 .elementor-element.elementor-element-32fcd119{text-align:center;}.elementor-555 .elementor-element.elementor-element-32fcd119 .elementor-heading-title{font-size:var( --e-global-typography-522adc1-font-size );line-height:var( --e-global-typography-522adc1-line-height );letter-spacing:var( --e-global-typography-522adc1-letter-spacing );word-spacing:var( --e-global-typography-522adc1-word-spacing );}.elementor-555 .elementor-element.elementor-element-32fcd119 > .elementor-widget-container{padding:0px 0px 0px 0px;}.elementor-555 .elementor-element.elementor-element-19efe8e{--icon-vertical-offset:1px;}.elementor-555 .elementor-element.elementor-element-19efe8e .elementor-icon-list-item > .elementor-icon-list-text, .elementor-555 .elementor-element.elementor-element-19efe8e .elementor-icon-list-item > a{font-size:var( --e-global-typography-4f25412-font-size );line-height:var( --e-global-typography-4f25412-line-height );letter-spacing:var( --e-global-typography-4f25412-letter-spacing );word-spacing:var( --e-global-typography-4f25412-word-spacing );}}<\/style>\t\t<div data-elementor-type=\"wp-page\" data-elementor-id=\"555\" class=\"elementor elementor-555\" data-elementor-post-type=\"page\">\n\t\t\t\t<div class=\"elementor-element elementor-element-3166798b e-flex e-con-boxed e-con e-parent\" data-id=\"3166798b\" data-element_type=\"container\" data-e-type=\"container\" data-settings=\"{&quot;background_background&quot;:&quot;gradient&quot;}\">\n\t\t\t\t\t<div class=\"e-con-inner\">\n\t\t<div class=\"elementor-element elementor-element-3880304b e-flex e-con-boxed e-con e-child\" data-id=\"3880304b\" data-element_type=\"container\" data-e-type=\"container\">\n\t\t\t\t\t<div class=\"e-con-inner\">\n\t\t<div class=\"elementor-element elementor-element-23d12b6b e-con-full e-flex e-con e-child\" data-id=\"23d12b6b\" data-element_type=\"container\" data-e-type=\"container\">\n\t\t\t\t<div class=\"elementor-element elementor-element-32fcd119 elementor-widget elementor-widget-heading\" data-id=\"32fcd119\" data-element_type=\"widget\" data-e-type=\"widget\" data-widget_type=\"heading.default\">\n\t\t\t\t<div class=\"elementor-widget-container\">\n\t\t\t\t\t<h2 class=\"elementor-heading-title elementor-size-default\">Personal data protection<\/h2>\t\t\t\t<\/div>\n\t\t\t\t<\/div>\n\t\t\t\t<div class=\"elementor-element elementor-element-19efe8e elementor-align-start elementor-icon-list--layout-inline elementor-mobile-align-center elementor-list-item-link-full_width elementor-widget elementor-widget-icon-list\" data-id=\"19efe8e\" data-element_type=\"widget\" data-e-type=\"widget\" data-widget_type=\"icon-list.default\">\n\t\t\t\t<div class=\"elementor-widget-container\">\n\t\t\t\t\t\t\t<ul class=\"elementor-icon-list-items elementor-inline-items\">\n\t\t\t\t\t\t\t<li class=\"elementor-icon-list-item elementor-inline-item\">\n\t\t\t\t\t\t\t\t\t\t<span class=\"elementor-icon-list-text\">Home<\/span>\n\t\t\t\t\t\t\t\t\t<\/li>\n\t\t\t\t\t\t\t\t<li class=\"elementor-icon-list-item elementor-inline-item\">\n\t\t\t\t\t\t\t\t\t\t\t<span class=\"elementor-icon-list-icon\">\n\t\t\t\t\t\t\t<svg aria-hidden=\"true\" class=\"e-font-icon-svg e-fas-chevron-right\" viewbox=\"0 0 320 512\" xmlns=\"http:\/\/www.w3.org\/2000\/svg\"><path d=\"M285.476 272.971L91.132 467.314c-9.373 9.373-24.569 9.373-33.941 0l-22.667-22.667c-9.357-9.357-9.375-24.522-.04-33.901L188.505 256 34.484 101.255c-9.335-9.379-9.317-24.544.04-33.901l22.667-22.667c9.373-9.373 24.569-9.373 33.941 0L285.475 239.03c9.373 9.372 9.373 24.568.001 33.941z\"><\/path><\/svg>\t\t\t\t\t\t<\/span>\n\t\t\t\t\t\t\t\t\t\t<span class=\"elementor-icon-list-text\">Personal data protection\u200b<\/span>\n\t\t\t\t\t\t\t\t\t<\/li>\n\t\t\t\t\t\t<\/ul>\n\t\t\t\t\t\t<\/div>\n\t\t\t\t<\/div>\n\t\t\t\t<\/div>\n\t\t\t\t\t<\/div>\n\t\t\t\t<\/div>\n\t\t\t\t\t<\/div>\n\t\t\t\t<\/div>\n\t\t<div class=\"elementor-element elementor-element-86dfa85 e-flex e-con-boxed e-con e-parent\" data-id=\"86dfa85\" data-element_type=\"container\" data-e-type=\"container\">\n\t\t\t\t\t<div class=\"e-con-inner\">\n\t\t\t\t<div class=\"elementor-element elementor-element-4ff1c48 elementor-widget elementor-widget-text-editor\" data-id=\"4ff1c48\" data-element_type=\"widget\" data-e-type=\"widget\" data-widget_type=\"text-editor.default\">\n\t\t\t\t<div class=\"elementor-widget-container\">\n\t\t\t\t\t\t\t\t\t<p>Personal data protection<br \/>1. The intermediary (hereinafter referred to as the &quot;Provider&quot;) processes personal data in accordance with the relevant legal regulations, in particular Regulation (EU) No. 2016\/679 of the European Parliament and of the Council on the protection of natural persons with regard to the processing of personal data and on the free movement of such data (hereinafter referred to as the &quot;GDPR&quot;) and Act No. 18\/2018 Coll. on the protection of personal data.<br \/>2. The processing of personal data of the Operator (hereinafter referred to as the &quot;Client&quot;), its employees, statutory bodies and other persons connected to it, such as name, surname, residential address, e-mail, telephone number, date of birth, is carried out on a legal basis, when the processing of personal data is necessary for the performance of a contract to which the Client is a party, or in order to take measures prior to concluding a contract at the request of the data subject pursuant to Article 6 point 1 letter b) of the GDPR.<br \/>3. The Provider undertakes to process personal data for the purpose of bookkeeping, payroll accounting, tax, accounting, related economic consulting, etc. within the scope of the flat rate agreed in the Service Agreement concluded between the contracting parties for the period of validity of this Agreement.<br \/>4. The provider undertakes to process personal data:<br \/>\uf0b7 process lawfully, fairly and transparently;<br \/>\uf0b7 collect and process to the extent reasonably and limited to what is necessary<br \/>with regard to purposes;<br \/>\uf0b7 be collected only for specific purposes and not processed in a manner that is not<br \/>compatible with these purposes;<br \/>\uf0b7 not to provide personal data to third parties beyond the scope necessary for the specified purposes;<br \/>\uf0b7 correctly, as needed and update the information provided;<br \/>\uf0b7 which are incorrect in relation to the purposes for which they are processed, to be deleted without delay<br \/>or repair;<br \/>\uf0b7 processed in a manner that ensures appropriate security, including protection against<br \/>unauthorized or unlawful processing and accidental loss, destruction or damage, through appropriate technical and organizational safeguards.<br \/>5. The Provider processes personal data on behalf of the Client pursuant to Article 28(3) of Regulation (EU) No. 2016\/679 of the European Parliament and of the Council on the protection of natural persons with regard to the processing of personal data and on the free movement of such data and pursuant to Section 34 of Act No. 18\/2018 Coll. on the Protection of Personal Data.<br \/>6. The Provider processes personal data only on the basis of the Client&#039;s documented instructions and in accordance with the service provision contract, including with regard to the transfer of personal data to a third country or international organization, except where required by Union law or the law of a Member State to which the Provider is subject, in which case the Provider shall notify the Client of this legal requirement prior to processing, unless such law prohibits such notification for compelling reasons of public interest.<br \/>7. The Provider undertakes to ensure that persons authorised to process personal data undertake to maintain the confidentiality of information or are bound by an appropriate obligation to maintain the confidentiality of information arising from the statute.<br \/>8. The provider is obliged to protect personal data from damage, destruction, loss, unauthorized access, provision or disclosure.<br \/>9. The provider shall implement appropriate technical and organizational measures taking into account the nature, scope, context and purposes of the processing as well as the potential risks in order to ensure an adequate level of security. The measures may include:<br \/>\uf0b7 pseudonymization and encryption of personal data;<br \/>\uf0b7 encryption of sent payroll files;<br \/>\uf0b7 the ongoing confidentiality, integrity and resilience of processing systems and services;<br \/>\uf0b7 recoverability and availability of personal data and access to them in the event of physical<br \/>or technical incident;<br \/>\uf0b7 a process of regular testing, assessment and evaluation of effectiveness<br \/>technical and organizational measures to ensure the security of processing.<br \/>10. The Provider shall not engage another Provider (subcontractor) without the prior written consent of the Client. In the event of written consent being granted, the same personal data protection obligations as those established between the Provider and the Client shall be contractually imposed on the other Provider (subcontractor).<br \/>11. The Provider processes personal data for the duration of the contract between it and the Client, until the limitation period for exercising rights from the contractual relationship, as well as for the period necessary to comply with the Provider&#039;s obligations under the relevant legal regulations.<br \/>12. After the termination of the provision of services related to processing, the Provider will delete or return all personal data to the Client and delete existing copies, unless they are necessary for the further performance of the contract or for compliance with a legal obligation.<br \/>13. The Provider shall provide the Client with all information to demonstrate compliance with obligations and shall allow audits and inspections carried out by the Client or an auditor appointed by the Client.<br \/>14. Taking into account the nature of the processing, the Provider assists the Client with appropriate technical and organizational measures in fulfilling its obligation to respond to requests for the exercise of the rights of the data subject set out in Chapter III of Regulation (EU) No. 2016\/679 of the European Parliament and of the Council.<br \/>15. The Provider helps the Client to ensure the fulfillment of obligations under Articles 32 to 36 of Regulation No. 2016\/679:<br \/>\uf0b7 ensure the security of processing;<br \/>\uf0b7 notification to the Personal Data Protection Office and to the data subjects, if applicable<br \/>personal data breach;<br \/>\uf0b7 assessment of the impact on personal data protection and consultation with the Office for<br \/>personal data protection.<br \/>16. If the Provider discovers inappropriate instructions or a violation of applicable legislation, it shall immediately inform the Client.<br \/>17. The Provider shall immediately inform the Client in the event of a breach of personal data security.<br \/>18. In accordance with the provisions of Article 13 of Regulation (EU) No. 2016\/679 of the European Parliament and of the Council, the Client is notified of the following information:<br \/><br \/>\uf0b7 identification data of the BD Sales Provider:<br \/>BD Sales sro, Rustaveliho 4, 831 06 Bratislava, Company ID 53 412 711<br \/>\uf0b7 contact details: bdsales@outlook.sk<br \/>\uf0b7 Responsible person: Adam Bali\u0161in<br \/>\uf0b7 The provider processes personal data for the following purposes:<br \/>\u2013 concluding, recording and managing contracts related to the scope of activities of BD Sales, in particular \u2013 for the purposes of accounting; for the purposes of maintaining labor and payroll records, providing tax and other advice; providing services related to the establishment, changes and liquidation of limited liability companies;<br \/>\u2013 providing customer services<br \/>\u2013 statistical processing<br \/>\u2013 processing requests for information pursuant to the law<br \/>\u2013 litigation and extrajudicial debt collection<br \/>\u2013 occupational health and safety protection<br \/>\uf0b7 The obtained personal data will be processed to a limited extent by an external company acting as the Provider:<br \/>BD Sales sro, Rustaveliho 4, 831 06 Bratislava, Company ID 53 412 711<br \/>and contractually secured subcontractors of the Provider&#039;s services<br \/>\uf0b7 Categories of recipients to whom personal data may be provided:<br \/>\u2013 IT providers<br \/>\u2013 lawyers<br \/>\u2013 experts<br \/>\u2013 auditors<br \/>- Slovak POST OFFICE<br \/>\u2013 persons authorized to perform activities for BD Sales<br \/>\uf0b7 The client has the right to:<br \/>\u2013 access to personal data relating to the data subject;<br \/>\u2013 correction and addition of personal data;<br \/>\u2013 erasure of personal data concerning him\/her, provided that the personal data are no longer necessary for the purposes for which they were collected or otherwise processed;<br \/>\u2013 restriction of processing of personal data;<br \/>\u2013 data portability, obtaining the data provided; \u2013 object to the processing of personal data;<br \/>\u2013 filing a complaint with the supervisory authority.<br \/>\uf0b7 If the Client\/data subject does not provide personal data, it is not possible to conclude a contractual relationship and the subsequent performance of contractual relationships. The data subject is obliged to provide his\/her personal data and update it immediately in the event of any change.<br \/><br \/>19. Client:<br \/>\uf0b7 The data subjects are the Clients, their employees, statutory officers and all persons contractually connected with the Client whose personal data is available to the Provider<br \/>\uf0b7 The client fulfills all information obligations towards the data subject set out in the Regulation and the Personal Data Protection Act.<br \/>\uf0b7 The Client, in accordance with the relevant legal regulations, obtains personal data from the data subjects, which he subsequently provides to the Provider.<br \/>\uf0b7 The Client shall implement appropriate technical and organizational measures taking into account the nature, scope, context and purposes of the processing, as well as the potential risks, in order to ensure an adequate level of security.<br \/>\uf0b7 The Client is entitled to request the Provider to provide the processed personal data.<br \/>\uf0b7 The Client is entitled to request from the Provider written documents proving compliance of the processing of personal data with applicable legislation.<br \/>20. The data subject has the right to:<br \/>\uf0b7 Access to your personal data;<br \/>\uf0b7 Correction and addition of personal data;<br \/>\uf0b7 Erasure of personal data concerning him\/her, provided that the personal data<br \/>they are no longer necessary for the purposes for which they were collected or otherwise processed;<br \/>\uf0b7 Restriction of processing of personal data;<br \/>\uf0b7 Data portability, obtaining data provided to the Client\/Provider;<br \/>\uf0b7 Object to the processing of personal data;<br \/>\uf0b7 Filing a complaint with the supervisory authority;<br \/>\uf0b7 The data subject has the right to withdraw his\/her consent to the processing of personal data,<br \/>if the processing was based on consent. Lawfulness of processing<br \/>personal data based on the consent granted is not affected by its withdrawal.<br \/>\uf0b7 If the data subject requests the deletion of personal data, the Client\/Provider will delete the data after assessing that the request is justified. And it is not<br \/>lawful reason for further processing\/storage of personal data.<br \/>\uf0b7 If the data subject requests restriction of processing of personal data, the Client\/Provider will not perform any processing operations, except<br \/>storage.<br \/>The aforementioned rights of the data subject are further specified in Articles 15 to 21 of the GDPR. The data subject exercises the aforementioned rights in accordance with the GDPR and other relevant legal regulations. The data subject may exercise his or her rights against BD Sales by means of a written request or by electronic means. If requested by the data subject, the Provider may also provide information orally, provided that the data subject proves his or her identity in another way.<\/p>\t\t\t\t\t\t\t\t<\/div>\n\t\t\t\t<\/div>\n\t\t\t\t\t<\/div>\n\t\t\t\t<\/div>\n\t\t\t\t<\/div>","protected":false},"excerpt":{"rendered":"<p>Ochrana osobn\u00fdch \u00fadajov Domov Ochrana osobn\u00fdch \u00fadajov\u200b Ochrana osobn\u00fdch \u00fadajov1. Sprostredkovate\u013e (\u010falej len \u201ePoskytovate\u013e\u201c) sprac\u00fava osobn\u00e9 \u00fadaje v s\u00falade s pr\u00edslu\u0161n\u00fdmi pr\u00e1vnymi predpismi, najm\u00e4 pod\u013ea nariadenia Eur\u00f3pskeho parlamentu a rady E\u00da \u010d. 2016\/679 o ochrane fyzick\u00fdch os\u00f4b pri sprac\u00favan\u00ed osobn\u00fdch \u00fadajov a o vo\u013enom pohybe tak\u00fdchto \u00fadajov (\u010falej len \u201eGDPR\u201c) a z\u00e1kona \u010d. 18\/2018 Z.z. [&hellip;]<\/p>\n","protected":false},"author":1,"featured_media":0,"parent":0,"menu_order":0,"comment_status":"closed","ping_status":"closed","template":"","meta":{"footnotes":""},"class_list":["post-555","page","type-page","status-publish","hentry"],"_links":{"self":[{"href":"https:\/\/www.dobry-uctovnik.sk\/en\/wp-json\/wp\/v2\/pages\/555","targetHints":{"allow":["GET"]}}],"collection":[{"href":"https:\/\/www.dobry-uctovnik.sk\/en\/wp-json\/wp\/v2\/pages"}],"about":[{"href":"https:\/\/www.dobry-uctovnik.sk\/en\/wp-json\/wp\/v2\/types\/page"}],"author":[{"embeddable":true,"href":"https:\/\/www.dobry-uctovnik.sk\/en\/wp-json\/wp\/v2\/users\/1"}],"replies":[{"embeddable":true,"href":"https:\/\/www.dobry-uctovnik.sk\/en\/wp-json\/wp\/v2\/comments?post=555"}],"version-history":[{"count":19,"href":"https:\/\/www.dobry-uctovnik.sk\/en\/wp-json\/wp\/v2\/pages\/555\/revisions"}],"predecessor-version":[{"id":2311,"href":"https:\/\/www.dobry-uctovnik.sk\/en\/wp-json\/wp\/v2\/pages\/555\/revisions\/2311"}],"wp:attachment":[{"href":"https:\/\/www.dobry-uctovnik.sk\/en\/wp-json\/wp\/v2\/media?parent=555"}],"curies":[{"name":"wp","href":"https:\/\/api.w.org\/{rel}","templated":true}]}}